{"id":10,"date":"2013-08-08T02:49:10","date_gmt":"2013-08-08T00:49:10","guid":{"rendered":"http:\/\/www.elquesocasin.com\/queseriaredes\/?page_id=10"},"modified":"2018-01-09T00:08:37","modified_gmt":"2018-01-08T23:08:37","slug":"la-vaca-casina","status":"publish","type":"page","link":"http:\/\/www.elquesocasin.com\/queseriaredes\/la-vaca-casina\/","title":{"rendered":"La vaca casina"},"content":{"rendered":"<p>La vaca casina o raza \u201cbovina asturiana de la monta\u00f1a\u201des aut\u00f3ctona del Concejo de Caso y como tal, presenta una morfolog\u00eda perfectamente adaptada al medio. Tiene una apariencia compacta, aunque tama\u00f1o peque\u00f1o, pues el duro entorno hizo bajar su alzada y su peso, estando caracterizada por las extremidades cortas y formas recogidas. La cabeza es peque\u00f1a con relaci\u00f3n al cuerpo y sus cuernos son largos, en forma de lira baja y el pelaje, rubio o rojizo.<\/p>\n<p>&nbsp;<\/p>\n<p>Se trata de una raza integrada desde tiempos inmemoriales en el paisaje y ecosistema asturianos, que tuvo un papel muy importante en la fijaci\u00f3n de poblaci\u00f3n en las \u00e1reas de monta\u00f1a, no s\u00f3lo por triple aptitud (producci\u00f3n de leche, de carne y de cr\u00edas), sino sobre todo, por su gran docilidad. Si hay un rasgo que caracteriza a esta vaca, son sus ojos, salientes, grandes, con largas pesta\u00f1as negras y una ojera de pelos negros que rodea la zona blanquecina de alrededor de los ojos. Sobre todo, su mirada noble ha constitu\u00eddo un gran apoyo para el campesino a lo largo de los siglos.. No hay m\u00e1s que recordar el emotivo relato de Leopoldo Alas, \u201cAdi\u00f3s, Cordera\u201d, tan expresivo de la vinculaci\u00f3n entre el animal y la familia campesina.<\/p>\n<p>&nbsp;<\/p>\n<p>La vaca casina pasa los meses de primavera y verano en las \u201cmayadas\u201d de los concejos de la alta monta\u00f1a; all\u00ed aprovecha eficazmente los pastos de altura, que le sirven para producir una leche muy rica en grasas y prote\u00ednas, ideal para elaborar el quesu cas\u00edn. Reci\u00e9n entrado el oto\u00f1o, en el mes de octubre preferiblemente, los ganados bajan a los pueblos y, despu\u00e9s de participar en las tradicionales ferias, se estabulan para protegerse de los rigores del invierno.<\/p>\n<p><iframe loading=\"lazy\" style=\"border: medium double #ffffff;\" src=\"https:\/\/www.youtube.com\/embed\/djoOchTR22w?rel=0\" height=\"480\" width=\"853\" allowfullscreen=\"\"><\/iframe><\/p>\n<p>&nbsp;<\/p>\n","protected":false},"excerpt":{"rendered":"<p>La vaca casina o raza \u201cbovina asturiana de la monta\u00f1a\u201des aut\u00f3ctona del Concejo de Caso y como tal, presenta una morfolog\u00eda perfectamente adaptada al medio. Tiene una apariencia compacta, aunque tama\u00f1o peque\u00f1o, pues el duro entorno hizo bajar su alzada y su peso, estando caracterizada por las extremidades cortas y formas recogidas. La cabeza es [&hellip;]<\/p>\n","protected":false},"author":1,"featured_media":0,"parent":0,"menu_order":4,"comment_status":"closed","ping_status":"closed","template":"","meta":[],"_links":{"self":[{"href":"http:\/\/www.elquesocasin.com\/queseriaredes\/wp-json\/wp\/v2\/pages\/10"}],"collection":[{"href":"http:\/\/www.elquesocasin.com\/queseriaredes\/wp-json\/wp\/v2\/pages"}],"about":[{"href":"http:\/\/www.elquesocasin.com\/queseriaredes\/wp-json\/wp\/v2\/types\/page"}],"author":[{"embeddable":true,"href":"http:\/\/www.elquesocasin.com\/queseriaredes\/wp-json\/wp\/v2\/users\/1"}],"replies":[{"embeddable":true,"href":"http:\/\/www.elquesocasin.com\/queseriaredes\/wp-json\/wp\/v2\/comments?post=10"}],"version-history":[{"count":28,"href":"http:\/\/www.elquesocasin.com\/queseriaredes\/wp-json\/wp\/v2\/pages\/10\/revisions"}],"predecessor-version":[{"id":370,"href":"http:\/\/www.elquesocasin.com\/queseriaredes\/wp-json\/wp\/v2\/pages\/10\/revisions\/370"}],"wp:attachment":[{"href":"http:\/\/www.elquesocasin.com\/queseriaredes\/wp-json\/wp\/v2\/media?parent=10"}],"curies":[{"name":"wp","href":"https:\/\/api.w.org\/{rel}","templated":true}]}}